{"id":94,"date":"2026-01-09T15:21:56","date_gmt":"2026-01-09T15:21:56","guid":{"rendered":"https:\/\/hub.salford.ac.uk\/maternity-in-colour\/?page_id=94"},"modified":"2026-01-14T11:59:24","modified_gmt":"2026-01-14T11:59:24","slug":"portuguese","status":"publish","type":"page","link":"https:\/\/hub.salford.ac.uk\/maternity-in-colour\/resources\/portuguese\/","title":{"rendered":"Portuguese"},"content":{"rendered":"\n<div lang=\"pt\">\n\n\n\n<h2 class=\"wp-block-heading has-text-align-center\">Folheto informativo para mulheres e gestantes:<\/h2>\n\n\n\n<h2 class=\"wp-block-heading has-text-align-center\">Projeto Maternidade em Cores<\/h2>\n\n\n\n<h3 class=\"wp-block-heading\">Em que consiste o projeto?<\/h3>\n\n\n\n<p>Este projeto foi desenvolvido em colabora\u00e7\u00e3o entre a Universidade de Salford e a Funda\u00e7\u00e3o Trust do NHS da Universidade de Manchester. Estamos a recolher fotografias cl\u00ednicas de condi\u00e7\u00f5es comuns na maternidade e na neonatalidade em mulheres e gr\u00e1vidas (e\/ou os seus beb\u00e9s) com tons de pele negros, castanhos e etnicamente diversos. Estas imagens ser\u00e3o inclu\u00eddas num manual did\u00e1tico digital e disponibilizadas a n\u00edvel mundial para universidades, parteiras, estudantes de obstetr\u00edcia e outros profissionais de sa\u00fade, constituindo um recurso educativo digital de acesso livre.<\/p>\n\n\n\n<h3 class=\"wp-block-heading\">Por que \u00e9 que este projeto est\u00e1 a ser realizado?<\/h3>\n\n\n\n<p>Mulheres, gestantes e beb\u00e9s de origens \u00e9tnicas diversas frequentemente t\u00eam resultados e experi\u00eancias piores com os cuidados de maternidade em compara\u00e7\u00e3o com aqueles de origem branca.<\/p>\n\n\n\n<p>Uma das raz\u00f5es \u00e9 que a equipa de maternidade pode ter mais dificuldade em reconhecer sinais de determinadas condi\u00e7\u00f5es de sa\u00fade em tons de pele mais escuros, dado que a maioria dos manuais e materiais de forma\u00e7\u00e3o m\u00e9dica cont\u00e9m apenas imagens de pele mais clara.<\/p>\n\n\n\n<p>Este projeto visa melhorar a forma\u00e7\u00e3o da equipa de maternidade, criando uma cole\u00e7\u00e3o de imagens que mostram condi\u00e7\u00f5es comuns de gravidez, parto e p\u00f3s-parto em mulheres negras, pardas e de outras etnias com diversos tons de pele. Essas imagens ser\u00e3o utilizadas na educa\u00e7\u00e3o e forma\u00e7\u00e3o de parteiras, enfermeiras, m\u00e9dicos e fam\u00edlias, para que os profissionais possam identificar melhor as condi\u00e7\u00f5es e prestar cuidados mais seguros e eficazes. Esta funcionalidade permitir\u00e1 tamb\u00e9m que as mulheres e as gr\u00e1vidas, bem como as suas fam\u00edlias, reconhe\u00e7am sinais importantes de condi\u00e7\u00f5es m\u00e9dicas, auxiliando na compreens\u00e3o precoce, na tranquiliza\u00e7\u00e3o e no acesso oportuno aos cuidados de sa\u00fade.<\/p>\n\n\n\n<h3 class=\"wp-block-heading\">O que acontecer\u00e1 se eu participar?<\/h3>\n\n\n\n<ul class=\"wp-block-list\">\n<li>Se voc\u00ea ou o seu beb\u00e9 apresentarem uma condi\u00e7\u00e3o que desejamos avaliar, um membro da equipe cl\u00ednica de maternidade agradecer\u00e1 pelo seu interesse, explicar\u00e1 o projeto e responder\u00e1 a todas as suas perguntas.<\/li>\n\n\n\n<li>Pedir-lhe-&nbsp;emos<strong>&nbsp;autoriza\u00e7\u00e3o<\/strong>&nbsp;para capturar e armazenar, de forma segura, a sua imagem (ou a do seu beb\u00e9).<\/li>\n\n\n\n<li>Se concordar em participar, um membro do<strong>&nbsp;Servi\u00e7o de Fotografia Cl\u00ednica e Ilustra\u00e7\u00e3o M\u00e9dica<\/strong>&nbsp;da Funda\u00e7\u00e3o Trust do NHS da Universidade de Manchester estar\u00e1 presente para tirar as fotografias.<\/li>\n\n\n\n<li>O seu consentimento tamb\u00e9m incluir\u00e1 a autoriza\u00e7\u00e3o para o uso da sua imagem em<strong>&nbsp;publica\u00e7\u00f5es<\/strong>&nbsp;, como manuais did\u00e1ticos, recursos educativos ou futuros artigos acad\u00e9micos.<\/li>\n<\/ul>\n\n\n\n<p>Todas as imagens far\u00e3o parte do seu registo m\u00e9dico, mas tamb\u00e9m ser\u00e3o disponibilizadas \u00e0 Universidade de Salford para publica\u00e7\u00e3o educacional, ap\u00f3s o seu consentimento. Nenhuma das suas informa\u00e7\u00f5es identific\u00e1veis ser\u00e1 partilhada ou publicada.<\/p>\n\n\n\n<h3 class=\"wp-block-heading\">Que tipo de imagens ser\u00e3o tiradas?<\/h3>\n\n\n\n<p>As fotografias podem incluir, entre outras, condi\u00e7\u00f5es comuns, tais como:<\/p>\n\n\n\n<ul class=\"wp-block-list\">\n<li>Altera\u00e7\u00f5es na gravidez (por exemplo, estrias, varizes, incha\u00e7o)<\/li>\n\n\n\n<li>Amamenta\u00e7\u00e3o (por exemplo, posicionamento, coloca\u00e7\u00e3o, mastite, traumatismo nos mamilos, ductos bloqueados)<\/li>\n\n\n\n<li>Altera\u00e7\u00f5es que ocorrem na pele durante o tratamento ou interven\u00e7\u00f5es no hospital (por exemplo, altera\u00e7\u00f5es nos tecidos relacionadas com c\u00e2nulas, \u00falceras e escaras, hematomas ou sangramento sob a pele)<\/li>\n\n\n\n<li>Altera\u00e7\u00f5es p\u00f3s-parto (cicatriza\u00e7\u00e3o da cicatriz da cesariana ou pontos perineais, infe\u00e7\u00f5es, separa\u00e7\u00e3o dos m\u00fasculos abdominais)<\/li>\n\n\n\n<li>Condi\u00e7\u00f5es neonatais (icter\u00edcia, manchas azuis, erup\u00e7\u00f5es cut\u00e2neas, marcas de nascen\u00e7a, hematomas)<\/li>\n\n\n\n<li>Imagens que ilustram cuidados de rotina antes, durante e ap\u00f3s o parto.<\/li>\n<\/ul>\n\n\n\n<p>Todas as imagens ser\u00e3o tiradas de forma profissional e sens\u00edvel, seguindo as pol\u00edticas do servi\u00e7o nacional de sa\u00fade (NHS) sobre dignidade, consentimento, privacidade e confidencialidade.<\/p>\n\n\n\n<h3 class=\"wp-block-heading\">Como \u00e9 que as minhas informa\u00e7\u00f5es e imagens ser\u00e3o armazenadas?<\/h3>\n\n\n\n<ul class=\"wp-block-list\">\n<li>As imagens far\u00e3o parte do seu<strong>&nbsp;registo m\u00e9dico<\/strong>&nbsp;seguro na Funda\u00e7\u00e3o Trust do NHS da Universidade de Manchester.<\/li>\n\n\n\n<li>Tamb\u00e9m ser\u00e3o partilhadas (anonimizadas) com a Universidade de Salford para inclus\u00e3o no projeto Maternidade em Cores.<\/li>\n\n\n\n<li>Todos os dados est\u00e3o protegidos pelas pol\u00edticas do NHS, pela<strong>&nbsp;Lei de Prote\u00e7\u00e3o de Dados de 2018<\/strong>&nbsp;e pelo<strong>&nbsp;RGPD do Reino Unido<\/strong><strong>.<\/strong><\/li>\n\n\n\n<li>Nenhum dos seus dados pessoais (nome, endere\u00e7o, data de nascimento, etc.) ser\u00e1 partilhado com o projeto.<\/li>\n<\/ul>\n\n\n\n<h2 class=\"wp-block-heading\">Como \u00e9 que as minhas imagens ser\u00e3o tiradas?<\/h2>\n\n\n\n<p><br>A equipa de fotografia cl\u00ednica \u00e9 especializada na captura de imagens m\u00e9dicas. Ser\u00e3o envidados todos os esfor\u00e7os para focar apenas a \u00e1rea da condi\u00e7\u00e3o que est\u00e1 a ser fotografada, de modo que caracter\u00edsticas identific\u00e1veis (como o seu rosto) n\u00e3o sejam inclu\u00eddas. No entanto, em alguns casos, caracter\u00edsticas como marcas de nascen\u00e7a, sinais ou tatuagens podem aparecer na imagem, o que significa que n\u00e3o podemos garantir o anonimato total.<\/p>\n\n\n\n<h3 class=\"wp-block-heading\">E se eu mudar de ideias?<\/h3>\n\n\n\n<p>Pode retirar o seu consentimento<strong>&nbsp;at\u00e9 56 dias<\/strong>&nbsp;ap\u00f3s a fotografia ter sido tirada. Ap\u00f3s esse per\u00edodo, as imagens ser\u00e3o anonimizadas e disponibilizadas para publica\u00e7\u00e3o, n\u00e3o podendo ser retiradas.<\/p>\n\n\n\n<h3 class=\"wp-block-heading\">Participar afetar\u00e1 os meus cuidados?<\/h3>\n\n\n\n<p>N\u00e3o. A participa\u00e7\u00e3o neste projeto \u00e9 volunt\u00e1ria. A decis\u00e3o de n\u00e3o participar n\u00e3o afetar\u00e1 de forma alguma os seus cuidados m\u00e9dicos.<\/p>\n\n\n\n<h3 class=\"wp-block-heading\">Quem devo contactar se tiver alguma d\u00favida sobre o projeto?<\/h3>\n\n\n\n<p>Se tiver d\u00favidas ou preocupa\u00e7\u00f5es sobre este projeto, fale primeiro com Derin Webb e\/ou Kylie Watson, que far\u00e3o o poss\u00edvel para responder \u00e0s suas perguntas.<\/p>\n\n\n\n<p>Obrigado por dedicar o seu tempo a ler este folheto e por considerar contribuir para o projeto Maternidade em Cores. O seu envolvimento ajudar\u00e1 a melhorar os cuidados de maternidade e os resultados para fam\u00edlias de diversas origens.<\/p>\n\n\n\n<\/div>\n\n\n\n<div class=\"wp-block-buttons is-layout-flex wp-block-buttons-is-layout-flex\">\n<div class=\"wp-block-button\"><a class=\"wp-block-button__link wp-element-button\" href=\"https:\/\/hub.salford.ac.uk\/maternity-in-colour\/contact-us\/\">Contact Us<\/a><\/div>\n<\/div>\n\n\n\n<div class=\"wp-block-columns is-layout-flex wp-container-core-columns-is-layout-28f84493 wp-block-columns-is-layout-flex\">\n<div class=\"wp-block-column is-vertically-aligned-center is-layout-flow wp-block-column-is-layout-flow\">\n<figure class=\"wp-block-image size-full\"><img decoding=\"async\" width=\"290\" height=\"193\" src=\"http:\/\/hub.salford.ac.uk\/maternity-in-colour\/wp-content\/uploads\/sites\/258\/2026\/01\/uos-logo.png\" alt=\"University of Salford\" class=\"wp-image-72\"\/><\/figure>\n<\/div>\n\n\n\n<div class=\"wp-block-column is-vertically-aligned-center is-layout-flow wp-block-column-is-layout-flow\">\n<figure class=\"wp-block-image aligncenter size-full\"><img decoding=\"async\" width=\"498\" height=\"154\" src=\"http:\/\/hub.salford.ac.uk\/maternity-in-colour\/wp-content\/uploads\/sites\/258\/2026\/01\/mft-logo.png\" alt=\"Manchester University NHS Foundation Trust\" class=\"wp-image-73\"\/><\/figure>\n<\/div>\n<\/div>\n","protected":false},"excerpt":{"rendered":"<p>Folheto informativo para mulheres e gestantes: Projeto Maternidade em Cores Em que consiste o projeto? Este projeto foi desenvolvido em colabora\u00e7\u00e3o entre a Universidade de Salford e a Funda\u00e7\u00e3o Trust do NHS da Universidade de Manchester. Estamos a recolher fotografias cl\u00ednicas de condi\u00e7\u00f5es comuns na maternidade e na neonatalidade em mulheres e gr\u00e1vidas (e\/ou os [&hellip;]<\/p>\n","protected":false},"author":471,"featured_media":0,"parent":59,"menu_order":0,"comment_status":"closed","ping_status":"closed","template":"","meta":{"_acf_changed":false,"footnotes":""},"class_list":["post-94","page","type-page","status-publish","hentry"],"acf":[],"yoast_head":"<!-- This site is optimized with the Yoast SEO plugin v27.2 - https:\/\/yoast.com\/product\/yoast-seo-wordpress\/ -->\n<title>Portuguese - Maternity in colour<\/title>\n<meta name=\"robots\" content=\"index, follow, max-snippet:-1, max-image-preview:large, max-video-preview:-1\" \/>\n<link rel=\"canonical\" href=\"https:\/\/hub.salford.ac.uk\/maternity-in-colour\/resources\/portuguese\/\" \/>\n<meta property=\"og:locale\" content=\"en_US\" \/>\n<meta property=\"og:type\" content=\"article\" \/>\n<meta property=\"og:title\" content=\"Portuguese - Maternity in colour\" \/>\n<meta property=\"og:description\" content=\"Folheto informativo para mulheres e gestantes: Projeto Maternidade em Cores Em que consiste o projeto? Este projeto foi desenvolvido em colabora\u00e7\u00e3o entre a Universidade de Salford e a Funda\u00e7\u00e3o Trust do NHS da Universidade de Manchester. Estamos a recolher fotografias cl\u00ednicas de condi\u00e7\u00f5es comuns na maternidade e na neonatalidade em mulheres e gr\u00e1vidas (e\/ou os [&hellip;]\" \/>\n<meta property=\"og:url\" content=\"https:\/\/hub.salford.ac.uk\/maternity-in-colour\/resources\/portuguese\/\" \/>\n<meta property=\"og:site_name\" content=\"Maternity in colour\" \/>\n<meta property=\"article:modified_time\" content=\"2026-01-14T11:59:24+00:00\" \/>\n<meta name=\"twitter:card\" content=\"summary_large_image\" \/>\n<meta name=\"twitter:label1\" content=\"Est. reading time\" \/>\n\t<meta name=\"twitter:data1\" content=\"5 minutes\" \/>\n<script type=\"application\/ld+json\" class=\"yoast-schema-graph\">{\"@context\":\"https:\/\/schema.org\",\"@graph\":[{\"@type\":\"WebPage\",\"@id\":\"https:\/\/hub.salford.ac.uk\/maternity-in-colour\/resources\/portuguese\/\",\"url\":\"https:\/\/hub.salford.ac.uk\/maternity-in-colour\/resources\/portuguese\/\",\"name\":\"Portuguese - Maternity in colour\",\"isPartOf\":{\"@id\":\"https:\/\/hub.salford.ac.uk\/maternity-in-colour\/#website\"},\"datePublished\":\"2026-01-09T15:21:56+00:00\",\"dateModified\":\"2026-01-14T11:59:24+00:00\",\"breadcrumb\":{\"@id\":\"https:\/\/hub.salford.ac.uk\/maternity-in-colour\/resources\/portuguese\/#breadcrumb\"},\"inLanguage\":\"en-US\",\"potentialAction\":[{\"@type\":\"ReadAction\",\"target\":[\"https:\/\/hub.salford.ac.uk\/maternity-in-colour\/resources\/portuguese\/\"]}]},{\"@type\":\"BreadcrumbList\",\"@id\":\"https:\/\/hub.salford.ac.uk\/maternity-in-colour\/resources\/portuguese\/#breadcrumb\",\"itemListElement\":[{\"@type\":\"ListItem\",\"position\":1,\"name\":\"Home\",\"item\":\"https:\/\/hub.salford.ac.uk\/maternity-in-colour\/\"},{\"@type\":\"ListItem\",\"position\":2,\"name\":\"Patient information leaflets\",\"item\":\"https:\/\/hub.salford.ac.uk\/maternity-in-colour\/resources\/\"},{\"@type\":\"ListItem\",\"position\":3,\"name\":\"Portuguese\"}]},{\"@type\":\"WebSite\",\"@id\":\"https:\/\/hub.salford.ac.uk\/maternity-in-colour\/#website\",\"url\":\"https:\/\/hub.salford.ac.uk\/maternity-in-colour\/\",\"name\":\"Maternity in colour\",\"description\":\"Increasing diversity in maternity illustrations and textbooks\",\"publisher\":{\"@id\":\"https:\/\/hub.salford.ac.uk\/maternity-in-colour\/#organization\"},\"potentialAction\":[{\"@type\":\"SearchAction\",\"target\":{\"@type\":\"EntryPoint\",\"urlTemplate\":\"https:\/\/hub.salford.ac.uk\/maternity-in-colour\/?s={search_term_string}\"},\"query-input\":{\"@type\":\"PropertyValueSpecification\",\"valueRequired\":true,\"valueName\":\"search_term_string\"}}],\"inLanguage\":\"en-US\"},{\"@type\":\"Organization\",\"@id\":\"https:\/\/hub.salford.ac.uk\/maternity-in-colour\/#organization\",\"name\":\"University of Salford\",\"url\":\"https:\/\/hub.salford.ac.uk\/maternity-in-colour\/\",\"logo\":{\"@type\":\"ImageObject\",\"inLanguage\":\"en-US\",\"@id\":\"https:\/\/hub.salford.ac.uk\/maternity-in-colour\/#\/schema\/logo\/image\/\",\"url\":\"https:\/\/hub.salford.ac.uk\/maternity-in-colour\/wp-content\/uploads\/sites\/258\/2025\/12\/cropped-logo-university-of-salford-crest-col-512x512-1.png\",\"contentUrl\":\"https:\/\/hub.salford.ac.uk\/maternity-in-colour\/wp-content\/uploads\/sites\/258\/2025\/12\/cropped-logo-university-of-salford-crest-col-512x512-1.png\",\"width\":512,\"height\":512,\"caption\":\"University of Salford\"},\"image\":{\"@id\":\"https:\/\/hub.salford.ac.uk\/maternity-in-colour\/#\/schema\/logo\/image\/\"}}]}<\/script>\n<!-- \/ Yoast SEO plugin. -->","yoast_head_json":{"title":"Portuguese - Maternity in colour","robots":{"index":"index","follow":"follow","max-snippet":"max-snippet:-1","max-image-preview":"max-image-preview:large","max-video-preview":"max-video-preview:-1"},"canonical":"https:\/\/hub.salford.ac.uk\/maternity-in-colour\/resources\/portuguese\/","og_locale":"en_US","og_type":"article","og_title":"Portuguese - Maternity in colour","og_description":"Folheto informativo para mulheres e gestantes: Projeto Maternidade em Cores Em que consiste o projeto? Este projeto foi desenvolvido em colabora\u00e7\u00e3o entre a Universidade de Salford e a Funda\u00e7\u00e3o Trust do NHS da Universidade de Manchester. Estamos a recolher fotografias cl\u00ednicas de condi\u00e7\u00f5es comuns na maternidade e na neonatalidade em mulheres e gr\u00e1vidas (e\/ou os [&hellip;]","og_url":"https:\/\/hub.salford.ac.uk\/maternity-in-colour\/resources\/portuguese\/","og_site_name":"Maternity in colour","article_modified_time":"2026-01-14T11:59:24+00:00","twitter_card":"summary_large_image","twitter_misc":{"Est. reading time":"5 minutes"},"schema":{"@context":"https:\/\/schema.org","@graph":[{"@type":"WebPage","@id":"https:\/\/hub.salford.ac.uk\/maternity-in-colour\/resources\/portuguese\/","url":"https:\/\/hub.salford.ac.uk\/maternity-in-colour\/resources\/portuguese\/","name":"Portuguese - Maternity in colour","isPartOf":{"@id":"https:\/\/hub.salford.ac.uk\/maternity-in-colour\/#website"},"datePublished":"2026-01-09T15:21:56+00:00","dateModified":"2026-01-14T11:59:24+00:00","breadcrumb":{"@id":"https:\/\/hub.salford.ac.uk\/maternity-in-colour\/resources\/portuguese\/#breadcrumb"},"inLanguage":"en-US","potentialAction":[{"@type":"ReadAction","target":["https:\/\/hub.salford.ac.uk\/maternity-in-colour\/resources\/portuguese\/"]}]},{"@type":"BreadcrumbList","@id":"https:\/\/hub.salford.ac.uk\/maternity-in-colour\/resources\/portuguese\/#breadcrumb","itemListElement":[{"@type":"ListItem","position":1,"name":"Home","item":"https:\/\/hub.salford.ac.uk\/maternity-in-colour\/"},{"@type":"ListItem","position":2,"name":"Patient information leaflets","item":"https:\/\/hub.salford.ac.uk\/maternity-in-colour\/resources\/"},{"@type":"ListItem","position":3,"name":"Portuguese"}]},{"@type":"WebSite","@id":"https:\/\/hub.salford.ac.uk\/maternity-in-colour\/#website","url":"https:\/\/hub.salford.ac.uk\/maternity-in-colour\/","name":"Maternity in colour","description":"Increasing diversity in maternity illustrations and textbooks","publisher":{"@id":"https:\/\/hub.salford.ac.uk\/maternity-in-colour\/#organization"},"potentialAction":[{"@type":"SearchAction","target":{"@type":"EntryPoint","urlTemplate":"https:\/\/hub.salford.ac.uk\/maternity-in-colour\/?s={search_term_string}"},"query-input":{"@type":"PropertyValueSpecification","valueRequired":true,"valueName":"search_term_string"}}],"inLanguage":"en-US"},{"@type":"Organization","@id":"https:\/\/hub.salford.ac.uk\/maternity-in-colour\/#organization","name":"University of Salford","url":"https:\/\/hub.salford.ac.uk\/maternity-in-colour\/","logo":{"@type":"ImageObject","inLanguage":"en-US","@id":"https:\/\/hub.salford.ac.uk\/maternity-in-colour\/#\/schema\/logo\/image\/","url":"https:\/\/hub.salford.ac.uk\/maternity-in-colour\/wp-content\/uploads\/sites\/258\/2025\/12\/cropped-logo-university-of-salford-crest-col-512x512-1.png","contentUrl":"https:\/\/hub.salford.ac.uk\/maternity-in-colour\/wp-content\/uploads\/sites\/258\/2025\/12\/cropped-logo-university-of-salford-crest-col-512x512-1.png","width":512,"height":512,"caption":"University of Salford"},"image":{"@id":"https:\/\/hub.salford.ac.uk\/maternity-in-colour\/#\/schema\/logo\/image\/"}}]}},"_links":{"self":[{"href":"https:\/\/hub.salford.ac.uk\/maternity-in-colour\/wp-json\/wp\/v2\/pages\/94","targetHints":{"allow":["GET"]}}],"collection":[{"href":"https:\/\/hub.salford.ac.uk\/maternity-in-colour\/wp-json\/wp\/v2\/pages"}],"about":[{"href":"https:\/\/hub.salford.ac.uk\/maternity-in-colour\/wp-json\/wp\/v2\/types\/page"}],"author":[{"embeddable":true,"href":"https:\/\/hub.salford.ac.uk\/maternity-in-colour\/wp-json\/wp\/v2\/users\/471"}],"replies":[{"embeddable":true,"href":"https:\/\/hub.salford.ac.uk\/maternity-in-colour\/wp-json\/wp\/v2\/comments?post=94"}],"version-history":[{"count":4,"href":"https:\/\/hub.salford.ac.uk\/maternity-in-colour\/wp-json\/wp\/v2\/pages\/94\/revisions"}],"predecessor-version":[{"id":186,"href":"https:\/\/hub.salford.ac.uk\/maternity-in-colour\/wp-json\/wp\/v2\/pages\/94\/revisions\/186"}],"up":[{"embeddable":true,"href":"https:\/\/hub.salford.ac.uk\/maternity-in-colour\/wp-json\/wp\/v2\/pages\/59"}],"wp:attachment":[{"href":"https:\/\/hub.salford.ac.uk\/maternity-in-colour\/wp-json\/wp\/v2\/media?parent=94"}],"curies":[{"name":"wp","href":"https:\/\/api.w.org\/{rel}","templated":true}]}}